{"id":14,"date":"2025-03-25T18:23:06","date_gmt":"2025-03-25T18:23:06","guid":{"rendered":"https:\/\/tarlagirona.com\/?page_id=14"},"modified":"2025-09-19T10:15:27","modified_gmt":"2025-09-19T10:15:27","slug":"home","status":"publish","type":"page","link":"https:\/\/tarlagirona.com\/ca\/","title":{"rendered":"Home"},"content":{"rendered":"<div data-elementor-type=\"wp-page\" data-elementor-id=\"14\" class=\"elementor elementor-14\" data-elementor-post-type=\"page\">\n\t\t\t\t<div class=\"elementor-element elementor-element-b532c91 e-flex e-con-boxed e-con e-parent\" data-id=\"b532c91\" data-element_type=\"container\" data-settings=\"{&quot;background_background&quot;:&quot;video&quot;,&quot;background_video_link&quot;:&quot;https:\\\/\\\/tarlagirona.com\\\/wp-content\\\/uploads\\\/2025\\\/09\\\/tarla-1.mp4&quot;,&quot;background_play_on_mobile&quot;:&quot;yes&quot;}\">\n\t\t\t\t\t<div class=\"e-con-inner\">\n\t\t<div class=\"elementor-background-video-container\">\n\t\t\t\t\t\t\t<video class=\"elementor-background-video-hosted\" autoplay muted playsinline loop><\/video>\n\t\t\t\t\t<\/div>\t\t<div class=\"elementor-element elementor-element-01a7b9b elementor-widget elementor-widget-heading\" data-id=\"01a7b9b\" data-element_type=\"widget\" data-widget_type=\"heading.default\">\n\t\t\t\t<div class=\"elementor-widget-container\">\n\t\t\t\t\t<h1 class=\"elementor-heading-title elementor-size-default\">Restaurant de tapes i platerets al cor de Girona<\/h1>\t\t\t\t<\/div>\n\t\t\t\t<\/div>\n\t\t\t\t<div class=\"elementor-element elementor-element-7fb3f95 elementor-align-justify elementor-widget__width-initial elementor-widget elementor-widget-button\" data-id=\"7fb3f95\" data-element_type=\"widget\" data-widget_type=\"button.default\">\n\t\t\t\t<div class=\"elementor-widget-container\">\n\t\t\t\t\t\t\t\t\t<div class=\"elementor-button-wrapper\">\n\t\t\t\t\t<a class=\"elementor-button elementor-button-link elementor-size-sm\" href=\"https:\/\/tarlagirona.com\/ca\/carta\/\">\n\t\t\t\t\t\t<span class=\"elementor-button-content-wrapper\">\n\t\t\t\t\t\t\t\t\t<span class=\"elementor-button-text\">VEURE CARTA<\/span>\n\t\t\t\t\t<\/span>\n\t\t\t\t\t<\/a>\n\t\t\t\t<\/div>\n\t\t\t\t\t\t\t\t<\/div>\n\t\t\t\t<\/div>\n\t\t\t\t\t<\/div>\n\t\t\t\t<\/div>\n\t\t<div class=\"elementor-element elementor-element-ebeb9e6 e-flex e-con-boxed e-con e-parent\" data-id=\"ebeb9e6\" data-element_type=\"container\">\n\t\t\t\t\t<div class=\"e-con-inner\">\n\t\t<div class=\"elementor-element elementor-element-0d0462f e-con-full e-flex e-con e-child\" data-id=\"0d0462f\" data-element_type=\"container\">\n\t\t\t\t<div class=\"elementor-element elementor-element-72aeb3f elementor-widget elementor-widget-heading\" data-id=\"72aeb3f\" data-element_type=\"widget\" data-widget_type=\"heading.default\">\n\t\t\t\t<div class=\"elementor-widget-container\">\n\t\t\t\t\t<h2 class=\"elementor-heading-title elementor-size-default\"> El Tarl\u00e0<\/h2>\t\t\t\t<\/div>\n\t\t\t\t<\/div>\n\t\t\t\t<div class=\"elementor-element elementor-element-4e97578 elementor-widget elementor-widget-heading\" data-id=\"4e97578\" data-element_type=\"widget\" data-widget_type=\"heading.default\">\n\t\t\t\t<div class=\"elementor-widget-container\">\n\t\t\t\t\t<h2 class=\"elementor-heading-title elementor-size-default\">Gaudeix de tapes i platerets<\/h2>\t\t\t\t<\/div>\n\t\t\t\t<\/div>\n\t\t\t\t<div class=\"elementor-element elementor-element-bb11e9c elementor-widget elementor-widget-text-editor\" data-id=\"bb11e9c\" data-element_type=\"widget\" data-widget_type=\"text-editor.default\">\n\t\t\t\t<div class=\"elementor-widget-container\">\n\t\t\t\t\t\t\t\t\t<p>A TARL\u00c0, cada plat \u00e9s un trosset de Girona. Ens agrada barrejar el tradicional de la cuina local amb tocs moderns, perqu\u00e8 cada mos sigui una sorpresa. Des de tapes senzilles fins a plats m\u00e9s elaborats, tot est\u00e0 pensat perqu\u00e8 gaudiu de l&#039;aut\u00e8ntica ess\u00e8ncia de la nostra terra.<\/p>\t\t\t\t\t\t\t\t<\/div>\n\t\t\t\t<\/div>\n\t\t\t\t<\/div>\n\t\t<div class=\"elementor-element elementor-element-eac1701 e-con-full e-flex e-con e-child\" data-id=\"eac1701\" data-element_type=\"container\" data-settings=\"{&quot;background_background&quot;:&quot;classic&quot;}\">\n\t\t\t\t<div class=\"elementor-element elementor-element-90b8ada elementor-widget__width-initial elementor-absolute elementor-widget elementor-widget-image\" data-id=\"90b8ada\" data-element_type=\"widget\" data-settings=\"{&quot;_position&quot;:&quot;absolute&quot;}\" data-widget_type=\"image.default\">\n\t\t\t\t<div class=\"elementor-widget-container\">\n\t\t\t\t\t\t\t\t\t\t\t\t\t\t\t<img fetchpriority=\"high\" decoding=\"async\" width=\"800\" height=\"534\" src=\"https:\/\/tarlagirona.com\/wp-content\/uploads\/2025\/09\/ElTarla_2025_3-1024x683.jpg\" class=\"attachment-large size-large wp-image-680\" alt=\"\" srcset=\"https:\/\/tarlagirona.com\/wp-content\/uploads\/2025\/09\/ElTarla_2025_3-1024x683.jpg 1024w, https:\/\/tarlagirona.com\/wp-content\/uploads\/2025\/09\/ElTarla_2025_3-300x200.jpg 300w, https:\/\/tarlagirona.com\/wp-content\/uploads\/2025\/09\/ElTarla_2025_3-768x512.jpg 768w, https:\/\/tarlagirona.com\/wp-content\/uploads\/2025\/09\/ElTarla_2025_3-1536x1024.jpg 1536w, https:\/\/tarlagirona.com\/wp-content\/uploads\/2025\/09\/ElTarla_2025_3.jpg 1920w\" sizes=\"(max-width: 800px) 100vw, 800px\" \/>\t\t\t\t\t\t\t\t\t\t\t\t\t\t\t<\/div>\n\t\t\t\t<\/div>\n\t\t\t\t<div class=\"elementor-element elementor-element-6c43612 elementor-widget__width-initial elementor-absolute elementor-widget elementor-widget-image\" data-id=\"6c43612\" data-element_type=\"widget\" data-settings=\"{&quot;_position&quot;:&quot;absolute&quot;}\" data-widget_type=\"image.default\">\n\t\t\t\t<div class=\"elementor-widget-container\">\n\t\t\t\t\t\t\t\t\t\t\t\t\t\t\t<img decoding=\"async\" width=\"800\" height=\"450\" src=\"https:\/\/tarlagirona.com\/wp-content\/uploads\/2025\/04\/mesa-1-1024x576.webp\" class=\"attachment-large size-large wp-image-466\" alt=\"\" srcset=\"https:\/\/tarlagirona.com\/wp-content\/uploads\/2025\/04\/mesa-1-1024x576.webp 1024w, https:\/\/tarlagirona.com\/wp-content\/uploads\/2025\/04\/mesa-1-300x169.webp 300w, https:\/\/tarlagirona.com\/wp-content\/uploads\/2025\/04\/mesa-1-768x432.webp 768w, https:\/\/tarlagirona.com\/wp-content\/uploads\/2025\/04\/mesa-1-1536x864.webp 1536w, https:\/\/tarlagirona.com\/wp-content\/uploads\/2025\/04\/mesa-1.webp 1920w\" sizes=\"(max-width: 800px) 100vw, 800px\" \/>\t\t\t\t\t\t\t\t\t\t\t\t\t\t\t<\/div>\n\t\t\t\t<\/div>\n\t\t\t\t<\/div>\n\t\t\t\t\t<\/div>\n\t\t\t\t<\/div>\n\t\t<div class=\"elementor-element elementor-element-a3b4d88 elementor-hidden-desktop elementor-hidden-tablet elementor-hidden-mobile e-flex e-con-boxed e-con e-parent\" data-id=\"a3b4d88\" data-element_type=\"container\" data-settings=\"{&quot;background_background&quot;:&quot;classic&quot;}\">\n\t\t\t\t\t<div class=\"e-con-inner\">\n\t\t\t\t<div class=\"elementor-element elementor-element-d142126 elementor-widget elementor-widget-heading\" data-id=\"d142126\" data-element_type=\"widget\" data-widget_type=\"heading.default\">\n\t\t\t\t<div class=\"elementor-widget-container\">\n\t\t\t\t\t<h3 class=\"elementor-heading-title elementor-size-default\">Explora la nostra carta<\/h3>\t\t\t\t<\/div>\n\t\t\t\t<\/div>\n\t\t\t\t<div class=\"elementor-element elementor-element-882a49a elementor-widget elementor-widget-heading\" data-id=\"882a49a\" data-element_type=\"widget\" data-widget_type=\"heading.default\">\n\t\t\t\t<div class=\"elementor-widget-container\">\n\t\t\t\t\t<h3 class=\"elementor-heading-title elementor-size-default\">Tapes, vermuts i sabors que captiven\n<\/h3>\t\t\t\t<\/div>\n\t\t\t\t<\/div>\n\t\t\t\t<div class=\"elementor-element elementor-element-2ab2775 elementor-widget__width-initial elementor-widget elementor-widget-text-editor\" data-id=\"2ab2775\" data-element_type=\"widget\" data-widget_type=\"text-editor.default\">\n\t\t\t\t<div class=\"elementor-widget-container\">\n\t\t\t\t\t\t\t\t\t<p>A EL TARL\u00c0, des dels nostres deliciosos vermutells i tapes gurmet fins als platets d&#039;autor i postres irresistibles, cada plat \u00e9s una invitaci\u00f3 a descobrir els sabors aut\u00e8ntics de Girona amb un toc modern.<\/p>\t\t\t\t\t\t\t\t<\/div>\n\t\t\t\t<\/div>\n\t\t\t\t<div class=\"elementor-element elementor-element-4fb8d94 elementor-align-justify elementor-widget__width-initial elementor-widget elementor-widget-button\" data-id=\"4fb8d94\" data-element_type=\"widget\" data-widget_type=\"button.default\">\n\t\t\t\t<div class=\"elementor-widget-container\">\n\t\t\t\t\t\t\t\t\t<div class=\"elementor-button-wrapper\">\n\t\t\t\t\t<a class=\"elementor-button elementor-button-link elementor-size-sm\" href=\"https:\/\/tarlagirona.com\/ca\/carta\/\">\n\t\t\t\t\t\t<span class=\"elementor-button-content-wrapper\">\n\t\t\t\t\t\t\t\t\t<span class=\"elementor-button-text\">CONSULTA LA CARTA<\/span>\n\t\t\t\t\t<\/span>\n\t\t\t\t\t<\/a>\n\t\t\t\t<\/div>\n\t\t\t\t\t\t\t\t<\/div>\n\t\t\t\t<\/div>\n\t\t\t\t\t<\/div>\n\t\t\t\t<\/div>\n\t\t<div class=\"elementor-element elementor-element-77a04ce e-flex e-con-boxed e-con e-parent\" data-id=\"77a04ce\" data-element_type=\"container\">\n\t\t\t\t\t<div class=\"e-con-inner\">\n\t\t\t\t<div class=\"elementor-element elementor-element-30fb432 elementor-widget elementor-widget-heading\" data-id=\"30fb432\" data-element_type=\"widget\" data-widget_type=\"heading.default\">\n\t\t\t\t<div class=\"elementor-widget-container\">\n\t\t\t\t\t<h2 class=\"elementor-heading-title elementor-size-default\">Des del vermut fins al sopar<\/h2>\t\t\t\t<\/div>\n\t\t\t\t<\/div>\n\t\t\t\t<div class=\"elementor-element elementor-element-aa17132 elementor-widget elementor-widget-heading\" data-id=\"aa17132\" data-element_type=\"widget\" data-widget_type=\"heading.default\">\n\t\t\t\t<div class=\"elementor-widget-container\">\n\t\t\t\t\t<h4 class=\"elementor-heading-title elementor-size-default\"> Tot el que pots viure a EL TARL\u00c0\n<\/h4>\t\t\t\t<\/div>\n\t\t\t\t<\/div>\n\t\t<div class=\"elementor-element elementor-element-a0f4df1 e-grid e-con-full e-con e-child\" data-id=\"a0f4df1\" data-element_type=\"container\">\n\t\t<div class=\"elementor-element elementor-element-f28a19d e-con-full e-flex e-con e-child\" data-id=\"f28a19d\" data-element_type=\"container\">\n\t\t\t\t<div class=\"elementor-element elementor-element-3107920 elementor-widget elementor-widget-image\" data-id=\"3107920\" data-element_type=\"widget\" data-widget_type=\"image.default\">\n\t\t\t\t<div class=\"elementor-widget-container\">\n\t\t\t\t\t\t\t\t\t\t\t\t\t\t\t\t<a href=\"https:\/\/tarlagirona.com\/ca\/carta\/\">\n\t\t\t\t\t\t\t<img decoding=\"async\" width=\"800\" height=\"450\" src=\"https:\/\/tarlagirona.com\/wp-content\/uploads\/2025\/04\/bravas-1024x576.webp\" class=\"attachment-large size-large wp-image-461\" alt=\"Tapas\" srcset=\"https:\/\/tarlagirona.com\/wp-content\/uploads\/2025\/04\/bravas-1024x576.webp 1024w, https:\/\/tarlagirona.com\/wp-content\/uploads\/2025\/04\/bravas-300x169.webp 300w, https:\/\/tarlagirona.com\/wp-content\/uploads\/2025\/04\/bravas-768x432.webp 768w, https:\/\/tarlagirona.com\/wp-content\/uploads\/2025\/04\/bravas-1536x864.webp 1536w, https:\/\/tarlagirona.com\/wp-content\/uploads\/2025\/04\/bravas.webp 1920w\" sizes=\"(max-width: 800px) 100vw, 800px\" \/>\t\t\t\t\t\t\t\t<\/a>\n\t\t\t\t\t\t\t\t\t\t\t\t\t\t\t<\/div>\n\t\t\t\t<\/div>\n\t\t\t\t<div class=\"elementor-element elementor-element-2e34657 elementor-widget elementor-widget-image-box\" data-id=\"2e34657\" data-element_type=\"widget\" data-widget_type=\"image-box.default\">\n\t\t\t\t<div class=\"elementor-widget-container\">\n\t\t\t\t\t<div class=\"elementor-image-box-wrapper\"><div class=\"elementor-image-box-content\"><h3 class=\"elementor-image-box-title\"><a href=\"https:\/\/tarlagirona.com\/ca\/carta\/\">Tapes<\/a><\/h3><p class=\"elementor-image-box-description\">Plats creatius amb productes frescos de Girona.\n<\/p><\/div><\/div>\t\t\t\t<\/div>\n\t\t\t\t<\/div>\n\t\t\t\t<\/div>\n\t\t<div class=\"elementor-element elementor-element-b199b46 e-con-full e-flex e-con e-child\" data-id=\"b199b46\" data-element_type=\"container\">\n\t\t\t\t<div class=\"elementor-element elementor-element-5f1151c elementor-widget elementor-widget-image\" data-id=\"5f1151c\" data-element_type=\"widget\" data-widget_type=\"image.default\">\n\t\t\t\t<div class=\"elementor-widget-container\">\n\t\t\t\t\t\t\t\t\t\t\t\t\t\t\t\t<a href=\"https:\/\/tarlagirona.com\/ca\/carta\/\">\n\t\t\t\t\t\t\t<img loading=\"lazy\" decoding=\"async\" width=\"800\" height=\"450\" src=\"https:\/\/tarlagirona.com\/wp-content\/uploads\/2025\/04\/tapas-2-1024x576.webp\" class=\"attachment-large size-large wp-image-467\" alt=\"Platillos\" srcset=\"https:\/\/tarlagirona.com\/wp-content\/uploads\/2025\/04\/tapas-2-1024x576.webp 1024w, https:\/\/tarlagirona.com\/wp-content\/uploads\/2025\/04\/tapas-2-300x169.webp 300w, https:\/\/tarlagirona.com\/wp-content\/uploads\/2025\/04\/tapas-2-768x432.webp 768w, https:\/\/tarlagirona.com\/wp-content\/uploads\/2025\/04\/tapas-2-1536x864.webp 1536w, https:\/\/tarlagirona.com\/wp-content\/uploads\/2025\/04\/tapas-2.webp 1920w\" sizes=\"(max-width: 800px) 100vw, 800px\" \/>\t\t\t\t\t\t\t\t<\/a>\n\t\t\t\t\t\t\t\t\t\t\t\t\t\t\t<\/div>\n\t\t\t\t<\/div>\n\t\t\t\t<div class=\"elementor-element elementor-element-8524dcd elementor-widget elementor-widget-image-box\" data-id=\"8524dcd\" data-element_type=\"widget\" data-widget_type=\"image-box.default\">\n\t\t\t\t<div class=\"elementor-widget-container\">\n\t\t\t\t\t<div class=\"elementor-image-box-wrapper\"><div class=\"elementor-image-box-content\"><h3 class=\"elementor-image-box-title\"><a href=\"https:\/\/tarlagirona.com\/ca\/carta\/\">Platets<\/a><\/h3><p class=\"elementor-image-box-description\"> Tradici\u00f3 i avantguarda a cada mos.\n<\/p><\/div><\/div>\t\t\t\t<\/div>\n\t\t\t\t<\/div>\n\t\t\t\t<\/div>\n\t\t<div class=\"elementor-element elementor-element-0a03a34 e-con-full e-flex e-con e-child\" data-id=\"0a03a34\" data-element_type=\"container\">\n\t\t\t\t<div class=\"elementor-element elementor-element-ad6d10d elementor-widget elementor-widget-image\" data-id=\"ad6d10d\" data-element_type=\"widget\" data-widget_type=\"image.default\">\n\t\t\t\t<div class=\"elementor-widget-container\">\n\t\t\t\t\t\t\t\t\t\t\t\t\t\t\t\t<a href=\"https:\/\/tarlagirona.com\/ca\/carta\/\">\n\t\t\t\t\t\t\t<img loading=\"lazy\" decoding=\"async\" width=\"800\" height=\"450\" src=\"https:\/\/tarlagirona.com\/wp-content\/uploads\/2025\/04\/tapas-3-1024x576.webp\" class=\"attachment-large size-large wp-image-468\" alt=\"Vermuts\" srcset=\"https:\/\/tarlagirona.com\/wp-content\/uploads\/2025\/04\/tapas-3-1024x576.webp 1024w, https:\/\/tarlagirona.com\/wp-content\/uploads\/2025\/04\/tapas-3-300x169.webp 300w, https:\/\/tarlagirona.com\/wp-content\/uploads\/2025\/04\/tapas-3-768x432.webp 768w, https:\/\/tarlagirona.com\/wp-content\/uploads\/2025\/04\/tapas-3-1536x864.webp 1536w, https:\/\/tarlagirona.com\/wp-content\/uploads\/2025\/04\/tapas-3.webp 1920w\" sizes=\"(max-width: 800px) 100vw, 800px\" \/>\t\t\t\t\t\t\t\t<\/a>\n\t\t\t\t\t\t\t\t\t\t\t\t\t\t\t<\/div>\n\t\t\t\t<\/div>\n\t\t\t\t<div class=\"elementor-element elementor-element-1a65c26 elementor-widget elementor-widget-image-box\" data-id=\"1a65c26\" data-element_type=\"widget\" data-widget_type=\"image-box.default\">\n\t\t\t\t<div class=\"elementor-widget-container\">\n\t\t\t\t\t<div class=\"elementor-image-box-wrapper\"><div class=\"elementor-image-box-content\"><h3 class=\"elementor-image-box-title\"><a href=\"https:\/\/tarlagirona.com\/ca\/carta\/\">Vermuts<\/a><\/h3><p class=\"elementor-image-box-description\">Ideals per a qualsevol moment del dia.<\/p><\/div><\/div>\t\t\t\t<\/div>\n\t\t\t\t<\/div>\n\t\t\t\t<\/div>\n\t\t\t\t<\/div>\n\t\t<div class=\"elementor-element elementor-element-72094bb e-grid e-con-full e-con e-child\" data-id=\"72094bb\" data-element_type=\"container\">\n\t\t<div class=\"elementor-element elementor-element-5e2b106 e-con-full e-flex e-con e-child\" data-id=\"5e2b106\" data-element_type=\"container\">\n\t\t\t\t<div class=\"elementor-element elementor-element-dd668f0 elementor-widget elementor-widget-image\" data-id=\"dd668f0\" data-element_type=\"widget\" data-widget_type=\"image.default\">\n\t\t\t\t<div class=\"elementor-widget-container\">\n\t\t\t\t\t\t\t\t\t\t\t\t\t\t\t\t<a href=\"https:\/\/tarlagirona.com\/ca\/carta\/\">\n\t\t\t\t\t\t\t<img loading=\"lazy\" decoding=\"async\" width=\"800\" height=\"534\" src=\"https:\/\/tarlagirona.com\/wp-content\/uploads\/2025\/09\/ElTarla_2025_11-1024x683.jpg\" class=\"attachment-large size-large wp-image-656\" alt=\"Tardeo\" srcset=\"https:\/\/tarlagirona.com\/wp-content\/uploads\/2025\/09\/ElTarla_2025_11-1024x683.jpg 1024w, https:\/\/tarlagirona.com\/wp-content\/uploads\/2025\/09\/ElTarla_2025_11-300x200.jpg 300w, https:\/\/tarlagirona.com\/wp-content\/uploads\/2025\/09\/ElTarla_2025_11-768x512.jpg 768w, https:\/\/tarlagirona.com\/wp-content\/uploads\/2025\/09\/ElTarla_2025_11-1536x1024.jpg 1536w, https:\/\/tarlagirona.com\/wp-content\/uploads\/2025\/09\/ElTarla_2025_11.jpg 1920w\" sizes=\"(max-width: 800px) 100vw, 800px\" \/>\t\t\t\t\t\t\t\t<\/a>\n\t\t\t\t\t\t\t\t\t\t\t\t\t\t\t<\/div>\n\t\t\t\t<\/div>\n\t\t\t\t<div class=\"elementor-element elementor-element-f2d532e elementor-widget elementor-widget-image-box\" data-id=\"f2d532e\" data-element_type=\"widget\" data-widget_type=\"image-box.default\">\n\t\t\t\t<div class=\"elementor-widget-container\">\n\t\t\t\t\t<div class=\"elementor-image-box-wrapper\"><div class=\"elementor-image-box-content\"><h3 class=\"elementor-image-box-title\"><a href=\"https:\/\/tarlagirona.com\/ca\/carta\/\">Tardeig amb estil<\/a><\/h3><p class=\"elementor-image-box-description\">Gaudeix d\u00b4una tarda deliciosa en bona companyia.\n<\/p><\/div><\/div>\t\t\t\t<\/div>\n\t\t\t\t<\/div>\n\t\t\t\t<\/div>\n\t\t<div class=\"elementor-element elementor-element-3840fc2 e-con-full e-flex e-con e-child\" data-id=\"3840fc2\" data-element_type=\"container\">\n\t\t\t\t<div class=\"elementor-element elementor-element-d2652c3 elementor-widget elementor-widget-image\" data-id=\"d2652c3\" data-element_type=\"widget\" data-widget_type=\"image.default\">\n\t\t\t\t<div class=\"elementor-widget-container\">\n\t\t\t\t\t\t\t\t\t\t\t\t\t\t\t\t<a href=\"https:\/\/tarlagirona.com\/ca\/carta\/\">\n\t\t\t\t\t\t\t<img loading=\"lazy\" decoding=\"async\" width=\"800\" height=\"534\" src=\"https:\/\/tarlagirona.com\/wp-content\/uploads\/2025\/09\/ElTarla_2025_25-1024x683.jpg\" class=\"attachment-large size-large wp-image-670\" alt=\"Postres caseros\" srcset=\"https:\/\/tarlagirona.com\/wp-content\/uploads\/2025\/09\/ElTarla_2025_25-1024x683.jpg 1024w, https:\/\/tarlagirona.com\/wp-content\/uploads\/2025\/09\/ElTarla_2025_25-300x200.jpg 300w, https:\/\/tarlagirona.com\/wp-content\/uploads\/2025\/09\/ElTarla_2025_25-768x512.jpg 768w, https:\/\/tarlagirona.com\/wp-content\/uploads\/2025\/09\/ElTarla_2025_25-1536x1024.jpg 1536w, https:\/\/tarlagirona.com\/wp-content\/uploads\/2025\/09\/ElTarla_2025_25.jpg 1920w\" sizes=\"(max-width: 800px) 100vw, 800px\" \/>\t\t\t\t\t\t\t\t<\/a>\n\t\t\t\t\t\t\t\t\t\t\t\t\t\t\t<\/div>\n\t\t\t\t<\/div>\n\t\t\t\t<div class=\"elementor-element elementor-element-72f39f3 elementor-widget elementor-widget-image-box\" data-id=\"72f39f3\" data-element_type=\"widget\" data-widget_type=\"image-box.default\">\n\t\t\t\t<div class=\"elementor-widget-container\">\n\t\t\t\t\t<div class=\"elementor-image-box-wrapper\"><div class=\"elementor-image-box-content\"><h3 class=\"elementor-image-box-title\"><a href=\"https:\/\/tarlagirona.com\/ca\/carta\/\">Postres casolanes<\/a><\/h3><p class=\"elementor-image-box-description\">Dol\u00e7os artesanals amb ingredients locals.<\/p><\/div><\/div>\t\t\t\t<\/div>\n\t\t\t\t<\/div>\n\t\t\t\t<\/div>\n\t\t\t\t<\/div>\n\t\t\t\t\t<\/div>\n\t\t\t\t<\/div>\n\t\t<div class=\"elementor-element elementor-element-7e26b76 e-flex e-con-boxed e-con e-parent\" data-id=\"7e26b76\" data-element_type=\"container\">\n\t\t\t\t\t<div class=\"e-con-inner\">\n\t\t\t\t<div class=\"elementor-element elementor-element-2f68311 elementor-widget elementor-widget-html\" data-id=\"2f68311\" data-element_type=\"widget\" data-widget_type=\"html.default\">\n\t\t\t\t<div class=\"elementor-widget-container\">\n\t\t\t\t\t\n<iframe\n        src=\"https:\/\/widget.thefork.com\/7a391f97-9ec4-4dc1-a65c-4bd74dd61fe6\"\n        allow=\"payment *\"\n        style=\"width: 100%; min-height:800px; border:none; overflow:scroll;\"\n      ><\/iframe>\t\t\t\t<\/div>\n\t\t\t\t<\/div>\n\t\t\t\t\t<\/div>\n\t\t\t\t<\/div>\n\t\t<div class=\"elementor-element elementor-element-8f41dfd e-flex e-con-boxed e-con e-parent\" data-id=\"8f41dfd\" data-element_type=\"container\">\n\t\t\t\t\t<div class=\"e-con-inner\">\n\t\t\t\t<div class=\"elementor-element elementor-element-86ace8e elementor-widget elementor-widget-spacer\" data-id=\"86ace8e\" data-element_type=\"widget\" data-widget_type=\"spacer.default\">\n\t\t\t\t<div class=\"elementor-widget-container\">\n\t\t\t\t\t\t\t<div class=\"elementor-spacer\">\n\t\t\t<div class=\"elementor-spacer-inner\"><\/div>\n\t\t<\/div>\n\t\t\t\t\t\t<\/div>\n\t\t\t\t<\/div>\n\t\t\t\t\t<\/div>\n\t\t\t\t<\/div>\n\t\t<div class=\"elementor-element elementor-element-8753946 e-flex e-con-boxed e-con e-parent\" data-id=\"8753946\" data-element_type=\"container\" data-settings=\"{&quot;background_background&quot;:&quot;classic&quot;}\">\n\t\t\t\t\t<div class=\"e-con-inner\">\n\t\t<div class=\"elementor-element elementor-element-c2951a6 e-con-full e-flex e-con e-child\" data-id=\"c2951a6\" data-element_type=\"container\">\n\t\t\t\t<div class=\"elementor-element elementor-element-7632529 elementor-widget elementor-widget-heading\" data-id=\"7632529\" data-element_type=\"widget\" data-widget_type=\"heading.default\">\n\t\t\t\t<div class=\"elementor-widget-container\">\n\t\t\t\t\t<h2 class=\"elementor-heading-title elementor-size-default\"> Els nostres horaris<\/h2>\t\t\t\t<\/div>\n\t\t\t\t<\/div>\n\t\t\t\t<div class=\"elementor-element elementor-element-1db1f7f elementor-widget elementor-widget-heading\" data-id=\"1db1f7f\" data-element_type=\"widget\" data-widget_type=\"heading.default\">\n\t\t\t\t<div class=\"elementor-widget-container\">\n\t\t\t\t\t<h4 class=\"elementor-heading-title elementor-size-default\">Vine a gaudir d&#039;EL TARL\u00c0\n<\/h4>\t\t\t\t<\/div>\n\t\t\t\t<\/div>\n\t\t<div class=\"elementor-element elementor-element-72da9d8 e-con-full e-flex e-con e-child\" data-id=\"72da9d8\" data-element_type=\"container\">\n\t\t\t\t<div class=\"elementor-element elementor-element-bf569eb elementor-widget elementor-widget-icon-box\" data-id=\"bf569eb\" data-element_type=\"widget\" data-widget_type=\"icon-box.default\">\n\t\t\t\t<div class=\"elementor-widget-container\">\n\t\t\t\t\t\t\t<div class=\"elementor-icon-box-wrapper\">\n\n\t\t\t\n\t\t\t\t\t\t<div class=\"elementor-icon-box-content\">\n\n\t\t\t\t\t\t\t\t\t<h3 class=\"elementor-icon-box-title\">\n\t\t\t\t\t\t<span  >\n\t\t\t\t\t\t\tDilluns\t\t\t\t\t\t<\/span>\n\t\t\t\t\t<\/h3>\n\t\t\t\t\n\t\t\t\t\t\t\t\t\t<p class=\"elementor-icon-box-description\">\n\t\t\t\t\t\t13:00-23:30\t\t\t\t\t<\/p>\n\t\t\t\t\n\t\t\t<\/div>\n\t\t\t\n\t\t<\/div>\n\t\t\t\t\t\t<\/div>\n\t\t\t\t<\/div>\n\t\t\t\t<div class=\"elementor-element elementor-element-dea856b elementor-widget elementor-widget-icon-box\" data-id=\"dea856b\" data-element_type=\"widget\" data-widget_type=\"icon-box.default\">\n\t\t\t\t<div class=\"elementor-widget-container\">\n\t\t\t\t\t\t\t<div class=\"elementor-icon-box-wrapper\">\n\n\t\t\t\n\t\t\t\t\t\t<div class=\"elementor-icon-box-content\">\n\n\t\t\t\t\t\t\t\t\t<h3 class=\"elementor-icon-box-title\">\n\t\t\t\t\t\t<span  >\n\t\t\t\t\t\t\tDe dimarts a divendres\t\t\t\t\t\t<\/span>\n\t\t\t\t\t<\/h3>\n\t\t\t\t\n\t\t\t\t\t\t\t\t\t<p class=\"elementor-icon-box-description\">\n\t\t\t\t\t\t12:00 a 23:30\t\t\t\t\t<\/p>\n\t\t\t\t\n\t\t\t<\/div>\n\t\t\t\n\t\t<\/div>\n\t\t\t\t\t\t<\/div>\n\t\t\t\t<\/div>\n\t\t\t\t<div class=\"elementor-element elementor-element-de98d39 elementor-widget elementor-widget-icon-box\" data-id=\"de98d39\" data-element_type=\"widget\" data-widget_type=\"icon-box.default\">\n\t\t\t\t<div class=\"elementor-widget-container\">\n\t\t\t\t\t\t\t<div class=\"elementor-icon-box-wrapper\">\n\n\t\t\t\n\t\t\t\t\t\t<div class=\"elementor-icon-box-content\">\n\n\t\t\t\t\t\t\t\t\t<h3 class=\"elementor-icon-box-title\">\n\t\t\t\t\t\t<span  >\n\t\t\t\t\t\t\tDissabtes\t\t\t\t\t\t<\/span>\n\t\t\t\t\t<\/h3>\n\t\t\t\t\n\t\t\t\t\t\t\t\t\t<p class=\"elementor-icon-box-description\">\n\t\t\t\t\t\t11:00 a 23:30\t\t\t\t\t<\/p>\n\t\t\t\t\n\t\t\t<\/div>\n\t\t\t\n\t\t<\/div>\n\t\t\t\t\t\t<\/div>\n\t\t\t\t<\/div>\n\t\t\t\t<div class=\"elementor-element elementor-element-49b78a8 elementor-widget elementor-widget-icon-box\" data-id=\"49b78a8\" data-element_type=\"widget\" data-widget_type=\"icon-box.default\">\n\t\t\t\t<div class=\"elementor-widget-container\">\n\t\t\t\t\t\t\t<div class=\"elementor-icon-box-wrapper\">\n\n\t\t\t\n\t\t\t\t\t\t<div class=\"elementor-icon-box-content\">\n\n\t\t\t\t\t\t\t\t\t<h3 class=\"elementor-icon-box-title\">\n\t\t\t\t\t\t<span  >\n\t\t\t\t\t\t\tDiumenge\t\t\t\t\t\t<\/span>\n\t\t\t\t\t<\/h3>\n\t\t\t\t\n\t\t\t\t\t\t\t\t\t<p class=\"elementor-icon-box-description\">\n\t\t\t\t\t\tTancat\t\t\t\t\t<\/p>\n\t\t\t\t\n\t\t\t<\/div>\n\t\t\t\n\t\t<\/div>\n\t\t\t\t\t\t<\/div>\n\t\t\t\t<\/div>\n\t\t\t\t<\/div>\n\t\t\t\t<\/div>\n\t\t\t\t\t<\/div>\n\t\t\t\t<\/div>\n\t\t\t\t<\/div>","protected":false},"excerpt":{"rendered":"<p>Restaurant de tapes i platerets al cor de Girona VEURE CARTA El Tarl\u00e0 Gaudeix de tapes i platerets A TARL\u00c0, cada plat \u00e9s un trosset de Girona. Ens agrada barrejar el tradicional de la cuina local amb tocs moderns, perqu\u00e8 cada mos sigui una sorpresa. Des de tapes senzilles fins a plats m\u00e9s elaborats, tot [\u2026]<\/p>","protected":false},"author":2,"featured_media":0,"parent":0,"menu_order":0,"comment_status":"closed","ping_status":"closed","template":"","meta":{"footnotes":""},"class_list":["post-14","page","type-page","status-publish","hentry"],"_links":{"self":[{"href":"https:\/\/tarlagirona.com\/ca\/wp-json\/wp\/v2\/pages\/14","targetHints":{"allow":["GET"]}}],"collection":[{"href":"https:\/\/tarlagirona.com\/ca\/wp-json\/wp\/v2\/pages"}],"about":[{"href":"https:\/\/tarlagirona.com\/ca\/wp-json\/wp\/v2\/types\/page"}],"author":[{"embeddable":true,"href":"https:\/\/tarlagirona.com\/ca\/wp-json\/wp\/v2\/users\/2"}],"replies":[{"embeddable":true,"href":"https:\/\/tarlagirona.com\/ca\/wp-json\/wp\/v2\/comments?post=14"}],"version-history":[{"count":181,"href":"https:\/\/tarlagirona.com\/ca\/wp-json\/wp\/v2\/pages\/14\/revisions"}],"predecessor-version":[{"id":908,"href":"https:\/\/tarlagirona.com\/ca\/wp-json\/wp\/v2\/pages\/14\/revisions\/908"}],"wp:attachment":[{"href":"https:\/\/tarlagirona.com\/ca\/wp-json\/wp\/v2\/media?parent=14"}],"curies":[{"name":"wp","href":"https:\/\/api.w.org\/{rel}","templated":true}]}}