{"id":32,"date":"2025-03-25T18:28:19","date_gmt":"2025-03-25T18:28:19","guid":{"rendered":"https:\/\/tarlagirona.com\/?page_id=32"},"modified":"2025-04-16T11:59:28","modified_gmt":"2025-04-16T11:59:28","slug":"declaracion-de-accesibilidad","status":"publish","type":"page","link":"https:\/\/tarlagirona.com\/en\/declaracion-de-accesibilidad\/","title":{"rendered":"Accessibility Statement"},"content":{"rendered":"<div data-elementor-type=\"wp-page\" data-elementor-id=\"32\" class=\"elementor elementor-32\" data-elementor-post-type=\"page\">\n\t\t\t\t<div class=\"elementor-element elementor-element-424429f e-flex e-con-boxed e-con e-parent\" data-id=\"424429f\" data-element_type=\"container\" data-settings=\"{&quot;background_background&quot;:&quot;classic&quot;}\">\n\t\t\t\t\t<div class=\"e-con-inner\">\n\t\t\t\t<div class=\"elementor-element elementor-element-78daadc elementor-widget elementor-widget-heading\" data-id=\"78daadc\" data-element_type=\"widget\" data-widget_type=\"heading.default\">\n\t\t\t\t<div class=\"elementor-widget-container\">\n\t\t\t\t\t<h2 class=\"elementor-heading-title elementor-size-default\">Accessibility Statement<\/h2>\t\t\t\t<\/div>\n\t\t\t\t<\/div>\n\t\t\t\t\t<\/div>\n\t\t\t\t<\/div>\n\t\t<div class=\"elementor-element elementor-element-29eca895 e-flex e-con-boxed e-con e-parent\" data-id=\"29eca895\" data-element_type=\"container\">\n\t\t\t\t\t<div class=\"e-con-inner\">\n\t\t\t\t<div class=\"elementor-element elementor-element-63ee72f9 elementor-widget elementor-widget-text-editor\" data-id=\"63ee72f9\" data-element_type=\"widget\" data-widget_type=\"text-editor.default\">\n\t\t\t\t<div class=\"elementor-widget-container\">\n\t\t\t\t\t\t\t\t\t\n<p><strong>TARL\u00c0 GIRONA SL<\/strong> has committed to making its website accessible, in accordance with Royal Decree 1112\/2018, of September 7, on the accessibility of public sector websites and mobile applications. This accessibility statement applies to this website.<\/p>\n\n<p><strong>Compliance status<\/strong><\/p>\n\n<p>This website is developed according to RD 1112\/2018<\/p>\n\n<p><strong>Preparing for the next accessibility statement<\/strong><\/p>\n\n<p>This statement was prepared on April 20, 2023. The method used to prepare the statement was a self-assessment.<\/p>\n\n<p><strong>Comments and contact information<\/strong><\/p>\n\n<p>You can make communications about accessibility requirements (article 10.2.a of RD 1112\/2018) such as:<\/p>\n\n<ul class=\"wp-block-list\">\n<li>Report any potential breach by this website<\/li>\n\n<li>Transmit other difficulties in accessing content<\/li>\n\n<li>Make any other query or suggestion for improvement regarding the accessibility of the website through the contact form on this website or through the telephone number\u00a0<\/li>\n<\/ul>\n\n<p>You may present:<\/p>\n\n<ul class=\"wp-block-list\">\n<li>Complaint regarding compliance with the requirements of RD 1112\/2018<\/li>\n\n<li>Request for accessible information regarding:\n<ul class=\"wp-block-list\">\n<li>Contents that are excluded from the scope of application of RD 1112\/2018 according to what is established in article 3, section 4<\/li>\n\n<li>Content that is exempt from compliance with accessibility requirements for imposing a disproportionate burden<\/li>\n\n<li>The Request for Accessible Information must clearly state the facts, reasons, and request to establish that it is a reasonable and legitimate request.<\/li>\n<\/ul>\n<\/li>\n<\/ul>\n\n<p>Complaints and claims regarding accessible information will be made through the electronic headquarters (<a href=\"https:\/\/sede.red.gob.es\/procedimientos\/quejas-y-sugerencias\" target=\"_blank\" rel=\"noopener\"><strong>https:\/\/sede.red.gob.es\/procedimientos\/quejas-y-sugerencias<\/strong><\/a>), and will be received and processed by the Information Systems area of Red.es.<\/p>\n\n<p><strong>Optional content<\/strong><\/p>\n\n<ul class=\"wp-block-list\">\n<li>To change the font size in major graphical browsers, use the following menus:<\/li>\n\n<li>Safari: View &gt; Make Text Larger<\/li>\n\n<li>Chrome: Control the current page &gt; Text size<\/li>\n<\/ul>\n\n<p>To resize everything on the page:<\/p>\n\n<ul class=\"wp-block-list\">\n<li>Ctrl++ to increase it<\/li>\n\n<li>Ctrl + \u2013 to decrease it<\/li>\n\n<li>Ctrl + 0 restores the original text size<\/li>\n\n<li>If you want to override the style sheet or change the color of the text, you can consult the WAI&#039;s How to Change Text Size or Colors page, which can be read translated into Spanish as How to change text size or colors?<\/li>\n<\/ul>\n\t\t\t\t\t\t\t\t<\/div>\n\t\t\t\t<\/div>\n\t\t\t\t\t<\/div>\n\t\t\t\t<\/div>\n\t\t\t\t<\/div>","protected":false},"excerpt":{"rendered":"<p>TARL\u00c0 GIRONA SL se ha comprometido a hacer accesible su sitio web, conforme al Real Decreto 1112\/2018, de 7 de septiembre, sobre accesibilidad de los sitios web y aplicaciones para dispositivos m\u00f3viles del sector p\u00fablico. Esta declaraci\u00f3n de accesibilidad se aplica a esta web. Situaci\u00f3n de cumplimiento Este sitio web est\u00e1 desarrollado seg\u00fan el RD [&hellip;]<\/p>","protected":false},"author":2,"featured_media":0,"parent":0,"menu_order":0,"comment_status":"closed","ping_status":"closed","template":"elementor_header_footer","meta":{"footnotes":""},"class_list":["post-32","page","type-page","status-publish","hentry"],"_links":{"self":[{"href":"https:\/\/tarlagirona.com\/en\/wp-json\/wp\/v2\/pages\/32","targetHints":{"allow":["GET"]}}],"collection":[{"href":"https:\/\/tarlagirona.com\/en\/wp-json\/wp\/v2\/pages"}],"about":[{"href":"https:\/\/tarlagirona.com\/en\/wp-json\/wp\/v2\/types\/page"}],"author":[{"embeddable":true,"href":"https:\/\/tarlagirona.com\/en\/wp-json\/wp\/v2\/users\/2"}],"replies":[{"embeddable":true,"href":"https:\/\/tarlagirona.com\/en\/wp-json\/wp\/v2\/comments?post=32"}],"version-history":[{"count":16,"href":"https:\/\/tarlagirona.com\/en\/wp-json\/wp\/v2\/pages\/32\/revisions"}],"predecessor-version":[{"id":538,"href":"https:\/\/tarlagirona.com\/en\/wp-json\/wp\/v2\/pages\/32\/revisions\/538"}],"wp:attachment":[{"href":"https:\/\/tarlagirona.com\/en\/wp-json\/wp\/v2\/media?parent=32"}],"curies":[{"name":"wp","href":"https:\/\/api.w.org\/{rel}","templated":true}]}}