{"id":14,"date":"2025-03-25T18:23:06","date_gmt":"2025-03-25T18:23:06","guid":{"rendered":"https:\/\/tarlagirona.com\/?page_id=14"},"modified":"2025-09-19T10:15:27","modified_gmt":"2025-09-19T10:15:27","slug":"home","status":"publish","type":"page","link":"https:\/\/tarlagirona.com\/fr\/","title":{"rendered":"Maison"},"content":{"rendered":"<div data-elementor-type=\"wp-page\" data-elementor-id=\"14\" class=\"elementor elementor-14\" data-elementor-post-type=\"page\">\n\t\t\t\t<div class=\"elementor-element elementor-element-b532c91 e-flex e-con-boxed e-con e-parent\" data-id=\"b532c91\" data-element_type=\"container\" data-settings=\"{&quot;background_background&quot;:&quot;video&quot;,&quot;background_video_link&quot;:&quot;https:\\\/\\\/tarlagirona.com\\\/wp-content\\\/uploads\\\/2025\\\/09\\\/tarla-1.mp4&quot;,&quot;background_play_on_mobile&quot;:&quot;yes&quot;}\">\n\t\t\t\t\t<div class=\"e-con-inner\">\n\t\t<div class=\"elementor-background-video-container\">\n\t\t\t\t\t\t\t<video class=\"elementor-background-video-hosted\" autoplay muted playsinline loop><\/video>\n\t\t\t\t\t<\/div>\t\t<div class=\"elementor-element elementor-element-01a7b9b elementor-widget elementor-widget-heading\" data-id=\"01a7b9b\" data-element_type=\"widget\" data-widget_type=\"heading.default\">\n\t\t\t\t<div class=\"elementor-widget-container\">\n\t\t\t\t\t<h1 class=\"elementor-heading-title elementor-size-default\">Restaurant de tapas et petits plats au c\u0153ur de G\u00e9rone<\/h1>\t\t\t\t<\/div>\n\t\t\t\t<\/div>\n\t\t\t\t<div class=\"elementor-element elementor-element-7fb3f95 elementor-align-justify elementor-widget__width-initial elementor-widget elementor-widget-button\" data-id=\"7fb3f95\" data-element_type=\"widget\" data-widget_type=\"button.default\">\n\t\t\t\t<div class=\"elementor-widget-container\">\n\t\t\t\t\t\t\t\t\t<div class=\"elementor-button-wrapper\">\n\t\t\t\t\t<a class=\"elementor-button elementor-button-link elementor-size-sm\" href=\"https:\/\/tarlagirona.com\/fr\/carta\/\">\n\t\t\t\t\t\t<span class=\"elementor-button-content-wrapper\">\n\t\t\t\t\t\t\t\t\t<span class=\"elementor-button-text\">VOIR LA LETTRE<\/span>\n\t\t\t\t\t<\/span>\n\t\t\t\t\t<\/a>\n\t\t\t\t<\/div>\n\t\t\t\t\t\t\t\t<\/div>\n\t\t\t\t<\/div>\n\t\t\t\t\t<\/div>\n\t\t\t\t<\/div>\n\t\t<div class=\"elementor-element elementor-element-ebeb9e6 e-flex e-con-boxed e-con e-parent\" data-id=\"ebeb9e6\" data-element_type=\"container\">\n\t\t\t\t\t<div class=\"e-con-inner\">\n\t\t<div class=\"elementor-element elementor-element-0d0462f e-con-full e-flex e-con e-child\" data-id=\"0d0462f\" data-element_type=\"container\">\n\t\t\t\t<div class=\"elementor-element elementor-element-72aeb3f elementor-widget elementor-widget-heading\" data-id=\"72aeb3f\" data-element_type=\"widget\" data-widget_type=\"heading.default\">\n\t\t\t\t<div class=\"elementor-widget-container\">\n\t\t\t\t\t<h2 class=\"elementor-heading-title elementor-size-default\"> Le Tarl\u00e0<\/h2>\t\t\t\t<\/div>\n\t\t\t\t<\/div>\n\t\t\t\t<div class=\"elementor-element elementor-element-4e97578 elementor-widget elementor-widget-heading\" data-id=\"4e97578\" data-element_type=\"widget\" data-widget_type=\"heading.default\">\n\t\t\t\t<div class=\"elementor-widget-container\">\n\t\t\t\t\t<h2 class=\"elementor-heading-title elementor-size-default\">D\u00e9gustez des tapas et des petits plats<\/h2>\t\t\t\t<\/div>\n\t\t\t\t<\/div>\n\t\t\t\t<div class=\"elementor-element elementor-element-bb11e9c elementor-widget elementor-widget-text-editor\" data-id=\"bb11e9c\" data-element_type=\"widget\" data-widget_type=\"text-editor.default\">\n\t\t\t\t<div class=\"elementor-widget-container\">\n\t\t\t\t\t\t\t\t\t<p>Chez TARL\u00c0, chaque plat est un petit morceau de G\u00e9rone. Nous aimons allier cuisine traditionnelle locale et touches de modernit\u00e9, pour que chaque bouch\u00e9e soit une surprise. Des simples tapas aux plats plus \u00e9labor\u00e9s, tout est pens\u00e9 pour que vous puissiez savourer l&#039;essence authentique de notre terroir.<\/p>\t\t\t\t\t\t\t\t<\/div>\n\t\t\t\t<\/div>\n\t\t\t\t<\/div>\n\t\t<div class=\"elementor-element elementor-element-eac1701 e-con-full e-flex e-con e-child\" data-id=\"eac1701\" data-element_type=\"container\" data-settings=\"{&quot;background_background&quot;:&quot;classic&quot;}\">\n\t\t\t\t<div class=\"elementor-element elementor-element-90b8ada elementor-widget__width-initial elementor-absolute elementor-widget elementor-widget-image\" data-id=\"90b8ada\" data-element_type=\"widget\" data-settings=\"{&quot;_position&quot;:&quot;absolute&quot;}\" data-widget_type=\"image.default\">\n\t\t\t\t<div class=\"elementor-widget-container\">\n\t\t\t\t\t\t\t\t\t\t\t\t\t\t\t<img fetchpriority=\"high\" decoding=\"async\" width=\"800\" height=\"534\" src=\"https:\/\/tarlagirona.com\/wp-content\/uploads\/2025\/09\/ElTarla_2025_3-1024x683.jpg\" class=\"attachment-large size-large wp-image-680\" alt=\"\" srcset=\"https:\/\/tarlagirona.com\/wp-content\/uploads\/2025\/09\/ElTarla_2025_3-1024x683.jpg 1024w, https:\/\/tarlagirona.com\/wp-content\/uploads\/2025\/09\/ElTarla_2025_3-300x200.jpg 300w, https:\/\/tarlagirona.com\/wp-content\/uploads\/2025\/09\/ElTarla_2025_3-768x512.jpg 768w, https:\/\/tarlagirona.com\/wp-content\/uploads\/2025\/09\/ElTarla_2025_3-1536x1024.jpg 1536w, https:\/\/tarlagirona.com\/wp-content\/uploads\/2025\/09\/ElTarla_2025_3.jpg 1920w\" sizes=\"(max-width: 800px) 100vw, 800px\" \/>\t\t\t\t\t\t\t\t\t\t\t\t\t\t\t<\/div>\n\t\t\t\t<\/div>\n\t\t\t\t<div class=\"elementor-element elementor-element-6c43612 elementor-widget__width-initial elementor-absolute elementor-widget elementor-widget-image\" data-id=\"6c43612\" data-element_type=\"widget\" data-settings=\"{&quot;_position&quot;:&quot;absolute&quot;}\" data-widget_type=\"image.default\">\n\t\t\t\t<div class=\"elementor-widget-container\">\n\t\t\t\t\t\t\t\t\t\t\t\t\t\t\t<img decoding=\"async\" width=\"800\" height=\"450\" src=\"https:\/\/tarlagirona.com\/wp-content\/uploads\/2025\/04\/mesa-1-1024x576.webp\" class=\"attachment-large size-large wp-image-466\" alt=\"\" srcset=\"https:\/\/tarlagirona.com\/wp-content\/uploads\/2025\/04\/mesa-1-1024x576.webp 1024w, https:\/\/tarlagirona.com\/wp-content\/uploads\/2025\/04\/mesa-1-300x169.webp 300w, https:\/\/tarlagirona.com\/wp-content\/uploads\/2025\/04\/mesa-1-768x432.webp 768w, https:\/\/tarlagirona.com\/wp-content\/uploads\/2025\/04\/mesa-1-1536x864.webp 1536w, https:\/\/tarlagirona.com\/wp-content\/uploads\/2025\/04\/mesa-1.webp 1920w\" sizes=\"(max-width: 800px) 100vw, 800px\" \/>\t\t\t\t\t\t\t\t\t\t\t\t\t\t\t<\/div>\n\t\t\t\t<\/div>\n\t\t\t\t<\/div>\n\t\t\t\t\t<\/div>\n\t\t\t\t<\/div>\n\t\t<div class=\"elementor-element elementor-element-a3b4d88 elementor-hidden-desktop elementor-hidden-tablet elementor-hidden-mobile e-flex e-con-boxed e-con e-parent\" data-id=\"a3b4d88\" data-element_type=\"container\" data-settings=\"{&quot;background_background&quot;:&quot;classic&quot;}\">\n\t\t\t\t\t<div class=\"e-con-inner\">\n\t\t\t\t<div class=\"elementor-element elementor-element-d142126 elementor-widget elementor-widget-heading\" data-id=\"d142126\" data-element_type=\"widget\" data-widget_type=\"heading.default\">\n\t\t\t\t<div class=\"elementor-widget-container\">\n\t\t\t\t\t<h3 class=\"elementor-heading-title elementor-size-default\">D\u00e9couvrez notre menu<\/h3>\t\t\t\t<\/div>\n\t\t\t\t<\/div>\n\t\t\t\t<div class=\"elementor-element elementor-element-882a49a elementor-widget elementor-widget-heading\" data-id=\"882a49a\" data-element_type=\"widget\" data-widget_type=\"heading.default\">\n\t\t\t\t<div class=\"elementor-widget-container\">\n\t\t\t\t\t<h3 class=\"elementor-heading-title elementor-size-default\">Tapas, vermouths et saveurs qui captivent\n<\/h3>\t\t\t\t<\/div>\n\t\t\t\t<\/div>\n\t\t\t\t<div class=\"elementor-element elementor-element-2ab2775 elementor-widget__width-initial elementor-widget elementor-widget-text-editor\" data-id=\"2ab2775\" data-element_type=\"widget\" data-widget_type=\"text-editor.default\">\n\t\t\t\t<div class=\"elementor-widget-container\">\n\t\t\t\t\t\t\t\t\t<p>Chez EL TARL\u00c0, de nos d\u00e9licieux vermouths et tapas gourmandes \u00e0 nos plats signature et desserts irr\u00e9sistibles, chaque plat est une invitation \u00e0 d\u00e9couvrir les saveurs authentiques de G\u00e9rone avec une touche moderne.<\/p>\t\t\t\t\t\t\t\t<\/div>\n\t\t\t\t<\/div>\n\t\t\t\t<div class=\"elementor-element elementor-element-4fb8d94 elementor-align-justify elementor-widget__width-initial elementor-widget elementor-widget-button\" data-id=\"4fb8d94\" data-element_type=\"widget\" data-widget_type=\"button.default\">\n\t\t\t\t<div class=\"elementor-widget-container\">\n\t\t\t\t\t\t\t\t\t<div class=\"elementor-button-wrapper\">\n\t\t\t\t\t<a class=\"elementor-button elementor-button-link elementor-size-sm\" href=\"https:\/\/tarlagirona.com\/fr\/carta\/\">\n\t\t\t\t\t\t<span class=\"elementor-button-content-wrapper\">\n\t\t\t\t\t\t\t\t\t<span class=\"elementor-button-text\">V\u00c9RIFIEZ LA LETTRE<\/span>\n\t\t\t\t\t<\/span>\n\t\t\t\t\t<\/a>\n\t\t\t\t<\/div>\n\t\t\t\t\t\t\t\t<\/div>\n\t\t\t\t<\/div>\n\t\t\t\t\t<\/div>\n\t\t\t\t<\/div>\n\t\t<div class=\"elementor-element elementor-element-77a04ce e-flex e-con-boxed e-con e-parent\" data-id=\"77a04ce\" data-element_type=\"container\">\n\t\t\t\t\t<div class=\"e-con-inner\">\n\t\t\t\t<div class=\"elementor-element elementor-element-30fb432 elementor-widget elementor-widget-heading\" data-id=\"30fb432\" data-element_type=\"widget\" data-widget_type=\"heading.default\">\n\t\t\t\t<div class=\"elementor-widget-container\">\n\t\t\t\t\t<h2 class=\"elementor-heading-title elementor-size-default\">Du vermouth au d\u00eener<\/h2>\t\t\t\t<\/div>\n\t\t\t\t<\/div>\n\t\t\t\t<div class=\"elementor-element elementor-element-aa17132 elementor-widget elementor-widget-heading\" data-id=\"aa17132\" data-element_type=\"widget\" data-widget_type=\"heading.default\">\n\t\t\t\t<div class=\"elementor-widget-container\">\n\t\t\t\t\t<h4 class=\"elementor-heading-title elementor-size-default\"> Tout ce que vous pouvez vivre \u00e0 EL TARL\u00c0\n<\/h4>\t\t\t\t<\/div>\n\t\t\t\t<\/div>\n\t\t<div class=\"elementor-element elementor-element-a0f4df1 e-grid e-con-full e-con e-child\" data-id=\"a0f4df1\" data-element_type=\"container\">\n\t\t<div class=\"elementor-element elementor-element-f28a19d e-con-full e-flex e-con e-child\" data-id=\"f28a19d\" data-element_type=\"container\">\n\t\t\t\t<div class=\"elementor-element elementor-element-3107920 elementor-widget elementor-widget-image\" data-id=\"3107920\" data-element_type=\"widget\" data-widget_type=\"image.default\">\n\t\t\t\t<div class=\"elementor-widget-container\">\n\t\t\t\t\t\t\t\t\t\t\t\t\t\t\t\t<a href=\"https:\/\/tarlagirona.com\/fr\/carta\/\">\n\t\t\t\t\t\t\t<img decoding=\"async\" width=\"800\" height=\"450\" src=\"https:\/\/tarlagirona.com\/wp-content\/uploads\/2025\/04\/bravas-1024x576.webp\" class=\"attachment-large size-large wp-image-461\" alt=\"Tapas\" srcset=\"https:\/\/tarlagirona.com\/wp-content\/uploads\/2025\/04\/bravas-1024x576.webp 1024w, https:\/\/tarlagirona.com\/wp-content\/uploads\/2025\/04\/bravas-300x169.webp 300w, https:\/\/tarlagirona.com\/wp-content\/uploads\/2025\/04\/bravas-768x432.webp 768w, https:\/\/tarlagirona.com\/wp-content\/uploads\/2025\/04\/bravas-1536x864.webp 1536w, https:\/\/tarlagirona.com\/wp-content\/uploads\/2025\/04\/bravas.webp 1920w\" sizes=\"(max-width: 800px) 100vw, 800px\" \/>\t\t\t\t\t\t\t\t<\/a>\n\t\t\t\t\t\t\t\t\t\t\t\t\t\t\t<\/div>\n\t\t\t\t<\/div>\n\t\t\t\t<div class=\"elementor-element elementor-element-2e34657 elementor-widget elementor-widget-image-box\" data-id=\"2e34657\" data-element_type=\"widget\" data-widget_type=\"image-box.default\">\n\t\t\t\t<div class=\"elementor-widget-container\">\n\t\t\t\t\t<div class=\"elementor-image-box-wrapper\"><div class=\"elementor-image-box-content\"><h3 class=\"elementor-image-box-title\"><a href=\"https:\/\/tarlagirona.com\/fr\/carta\/\">Tapas<\/a><\/h3><p class=\"elementor-image-box-description\">Plats cr\u00e9atifs avec des produits frais de G\u00e9rone.\n<\/p><\/div><\/div>\t\t\t\t<\/div>\n\t\t\t\t<\/div>\n\t\t\t\t<\/div>\n\t\t<div class=\"elementor-element elementor-element-b199b46 e-con-full e-flex e-con e-child\" data-id=\"b199b46\" data-element_type=\"container\">\n\t\t\t\t<div class=\"elementor-element elementor-element-5f1151c elementor-widget elementor-widget-image\" data-id=\"5f1151c\" data-element_type=\"widget\" data-widget_type=\"image.default\">\n\t\t\t\t<div class=\"elementor-widget-container\">\n\t\t\t\t\t\t\t\t\t\t\t\t\t\t\t\t<a href=\"https:\/\/tarlagirona.com\/fr\/carta\/\">\n\t\t\t\t\t\t\t<img loading=\"lazy\" decoding=\"async\" width=\"800\" height=\"450\" src=\"https:\/\/tarlagirona.com\/wp-content\/uploads\/2025\/04\/tapas-2-1024x576.webp\" class=\"attachment-large size-large wp-image-467\" alt=\"Platillos\" srcset=\"https:\/\/tarlagirona.com\/wp-content\/uploads\/2025\/04\/tapas-2-1024x576.webp 1024w, https:\/\/tarlagirona.com\/wp-content\/uploads\/2025\/04\/tapas-2-300x169.webp 300w, https:\/\/tarlagirona.com\/wp-content\/uploads\/2025\/04\/tapas-2-768x432.webp 768w, https:\/\/tarlagirona.com\/wp-content\/uploads\/2025\/04\/tapas-2-1536x864.webp 1536w, https:\/\/tarlagirona.com\/wp-content\/uploads\/2025\/04\/tapas-2.webp 1920w\" sizes=\"(max-width: 800px) 100vw, 800px\" \/>\t\t\t\t\t\t\t\t<\/a>\n\t\t\t\t\t\t\t\t\t\t\t\t\t\t\t<\/div>\n\t\t\t\t<\/div>\n\t\t\t\t<div class=\"elementor-element elementor-element-8524dcd elementor-widget elementor-widget-image-box\" data-id=\"8524dcd\" data-element_type=\"widget\" data-widget_type=\"image-box.default\">\n\t\t\t\t<div class=\"elementor-widget-container\">\n\t\t\t\t\t<div class=\"elementor-image-box-wrapper\"><div class=\"elementor-image-box-content\"><h3 class=\"elementor-image-box-title\"><a href=\"https:\/\/tarlagirona.com\/fr\/carta\/\">Cymbales<\/a><\/h3><p class=\"elementor-image-box-description\"> Tradition et avant-garde \u00e0 chaque bouch\u00e9e.\n<\/p><\/div><\/div>\t\t\t\t<\/div>\n\t\t\t\t<\/div>\n\t\t\t\t<\/div>\n\t\t<div class=\"elementor-element elementor-element-0a03a34 e-con-full e-flex e-con e-child\" data-id=\"0a03a34\" data-element_type=\"container\">\n\t\t\t\t<div class=\"elementor-element elementor-element-ad6d10d elementor-widget elementor-widget-image\" data-id=\"ad6d10d\" data-element_type=\"widget\" data-widget_type=\"image.default\">\n\t\t\t\t<div class=\"elementor-widget-container\">\n\t\t\t\t\t\t\t\t\t\t\t\t\t\t\t\t<a href=\"https:\/\/tarlagirona.com\/fr\/carta\/\">\n\t\t\t\t\t\t\t<img loading=\"lazy\" decoding=\"async\" width=\"800\" height=\"450\" src=\"https:\/\/tarlagirona.com\/wp-content\/uploads\/2025\/04\/tapas-3-1024x576.webp\" class=\"attachment-large size-large wp-image-468\" alt=\"Vermuts\" srcset=\"https:\/\/tarlagirona.com\/wp-content\/uploads\/2025\/04\/tapas-3-1024x576.webp 1024w, https:\/\/tarlagirona.com\/wp-content\/uploads\/2025\/04\/tapas-3-300x169.webp 300w, https:\/\/tarlagirona.com\/wp-content\/uploads\/2025\/04\/tapas-3-768x432.webp 768w, https:\/\/tarlagirona.com\/wp-content\/uploads\/2025\/04\/tapas-3-1536x864.webp 1536w, https:\/\/tarlagirona.com\/wp-content\/uploads\/2025\/04\/tapas-3.webp 1920w\" sizes=\"(max-width: 800px) 100vw, 800px\" \/>\t\t\t\t\t\t\t\t<\/a>\n\t\t\t\t\t\t\t\t\t\t\t\t\t\t\t<\/div>\n\t\t\t\t<\/div>\n\t\t\t\t<div class=\"elementor-element elementor-element-1a65c26 elementor-widget elementor-widget-image-box\" data-id=\"1a65c26\" data-element_type=\"widget\" data-widget_type=\"image-box.default\">\n\t\t\t\t<div class=\"elementor-widget-container\">\n\t\t\t\t\t<div class=\"elementor-image-box-wrapper\"><div class=\"elementor-image-box-content\"><h3 class=\"elementor-image-box-title\"><a href=\"https:\/\/tarlagirona.com\/fr\/carta\/\">Vermouths<\/a><\/h3><p class=\"elementor-image-box-description\">Id\u00e9al \u00e0 tout moment de la journ\u00e9e.<\/p><\/div><\/div>\t\t\t\t<\/div>\n\t\t\t\t<\/div>\n\t\t\t\t<\/div>\n\t\t\t\t<\/div>\n\t\t<div class=\"elementor-element elementor-element-72094bb e-grid e-con-full e-con e-child\" data-id=\"72094bb\" data-element_type=\"container\">\n\t\t<div class=\"elementor-element elementor-element-5e2b106 e-con-full e-flex e-con e-child\" data-id=\"5e2b106\" data-element_type=\"container\">\n\t\t\t\t<div class=\"elementor-element elementor-element-dd668f0 elementor-widget elementor-widget-image\" data-id=\"dd668f0\" data-element_type=\"widget\" data-widget_type=\"image.default\">\n\t\t\t\t<div class=\"elementor-widget-container\">\n\t\t\t\t\t\t\t\t\t\t\t\t\t\t\t\t<a href=\"https:\/\/tarlagirona.com\/fr\/carta\/\">\n\t\t\t\t\t\t\t<img loading=\"lazy\" decoding=\"async\" width=\"800\" height=\"534\" src=\"https:\/\/tarlagirona.com\/wp-content\/uploads\/2025\/09\/ElTarla_2025_11-1024x683.jpg\" class=\"attachment-large size-large wp-image-656\" alt=\"Tardeo\" srcset=\"https:\/\/tarlagirona.com\/wp-content\/uploads\/2025\/09\/ElTarla_2025_11-1024x683.jpg 1024w, https:\/\/tarlagirona.com\/wp-content\/uploads\/2025\/09\/ElTarla_2025_11-300x200.jpg 300w, https:\/\/tarlagirona.com\/wp-content\/uploads\/2025\/09\/ElTarla_2025_11-768x512.jpg 768w, https:\/\/tarlagirona.com\/wp-content\/uploads\/2025\/09\/ElTarla_2025_11-1536x1024.jpg 1536w, https:\/\/tarlagirona.com\/wp-content\/uploads\/2025\/09\/ElTarla_2025_11.jpg 1920w\" sizes=\"(max-width: 800px) 100vw, 800px\" \/>\t\t\t\t\t\t\t\t<\/a>\n\t\t\t\t\t\t\t\t\t\t\t\t\t\t\t<\/div>\n\t\t\t\t<\/div>\n\t\t\t\t<div class=\"elementor-element elementor-element-f2d532e elementor-widget elementor-widget-image-box\" data-id=\"f2d532e\" data-element_type=\"widget\" data-widget_type=\"image-box.default\">\n\t\t\t\t<div class=\"elementor-widget-container\">\n\t\t\t\t\t<div class=\"elementor-image-box-wrapper\"><div class=\"elementor-image-box-content\"><h3 class=\"elementor-image-box-title\"><a href=\"https:\/\/tarlagirona.com\/fr\/carta\/\">Apr\u00e8s-midi avec style<\/a><\/h3><p class=\"elementor-image-box-description\">Profitez d&#039;un d\u00e9licieux apr\u00e8s-midi en bonne compagnie.\n<\/p><\/div><\/div>\t\t\t\t<\/div>\n\t\t\t\t<\/div>\n\t\t\t\t<\/div>\n\t\t<div class=\"elementor-element elementor-element-3840fc2 e-con-full e-flex e-con e-child\" data-id=\"3840fc2\" data-element_type=\"container\">\n\t\t\t\t<div class=\"elementor-element elementor-element-d2652c3 elementor-widget elementor-widget-image\" data-id=\"d2652c3\" data-element_type=\"widget\" data-widget_type=\"image.default\">\n\t\t\t\t<div class=\"elementor-widget-container\">\n\t\t\t\t\t\t\t\t\t\t\t\t\t\t\t\t<a href=\"https:\/\/tarlagirona.com\/fr\/carta\/\">\n\t\t\t\t\t\t\t<img loading=\"lazy\" decoding=\"async\" width=\"800\" height=\"534\" src=\"https:\/\/tarlagirona.com\/wp-content\/uploads\/2025\/09\/ElTarla_2025_25-1024x683.jpg\" class=\"attachment-large size-large wp-image-670\" alt=\"Postres caseros\" srcset=\"https:\/\/tarlagirona.com\/wp-content\/uploads\/2025\/09\/ElTarla_2025_25-1024x683.jpg 1024w, https:\/\/tarlagirona.com\/wp-content\/uploads\/2025\/09\/ElTarla_2025_25-300x200.jpg 300w, https:\/\/tarlagirona.com\/wp-content\/uploads\/2025\/09\/ElTarla_2025_25-768x512.jpg 768w, https:\/\/tarlagirona.com\/wp-content\/uploads\/2025\/09\/ElTarla_2025_25-1536x1024.jpg 1536w, https:\/\/tarlagirona.com\/wp-content\/uploads\/2025\/09\/ElTarla_2025_25.jpg 1920w\" sizes=\"(max-width: 800px) 100vw, 800px\" \/>\t\t\t\t\t\t\t\t<\/a>\n\t\t\t\t\t\t\t\t\t\t\t\t\t\t\t<\/div>\n\t\t\t\t<\/div>\n\t\t\t\t<div class=\"elementor-element elementor-element-72f39f3 elementor-widget elementor-widget-image-box\" data-id=\"72f39f3\" data-element_type=\"widget\" data-widget_type=\"image-box.default\">\n\t\t\t\t<div class=\"elementor-widget-container\">\n\t\t\t\t\t<div class=\"elementor-image-box-wrapper\"><div class=\"elementor-image-box-content\"><h3 class=\"elementor-image-box-title\"><a href=\"https:\/\/tarlagirona.com\/fr\/carta\/\">Desserts faits maison<\/a><\/h3><p class=\"elementor-image-box-description\">Confiseries artisanales \u00e0 base d&#039;ingr\u00e9dients locaux.<\/p><\/div><\/div>\t\t\t\t<\/div>\n\t\t\t\t<\/div>\n\t\t\t\t<\/div>\n\t\t\t\t<\/div>\n\t\t\t\t\t<\/div>\n\t\t\t\t<\/div>\n\t\t<div class=\"elementor-element elementor-element-7e26b76 e-flex e-con-boxed e-con e-parent\" data-id=\"7e26b76\" data-element_type=\"container\">\n\t\t\t\t\t<div class=\"e-con-inner\">\n\t\t\t\t<div class=\"elementor-element elementor-element-2f68311 elementor-widget elementor-widget-html\" data-id=\"2f68311\" data-element_type=\"widget\" data-widget_type=\"html.default\">\n\t\t\t\t<div class=\"elementor-widget-container\">\n\t\t\t\t\t\n<iframe\n        src=\"https:\/\/widget.thefork.com\/7a391f97-9ec4-4dc1-a65c-4bd74dd61fe6\"\n        allow=\"payment *\"\n        style=\"width: 100%; min-height:800px; border:none; overflow:scroll;\"\n      ><\/iframe>\t\t\t\t<\/div>\n\t\t\t\t<\/div>\n\t\t\t\t\t<\/div>\n\t\t\t\t<\/div>\n\t\t<div class=\"elementor-element elementor-element-8f41dfd e-flex e-con-boxed e-con e-parent\" data-id=\"8f41dfd\" data-element_type=\"container\">\n\t\t\t\t\t<div class=\"e-con-inner\">\n\t\t\t\t<div class=\"elementor-element elementor-element-86ace8e elementor-widget elementor-widget-spacer\" data-id=\"86ace8e\" data-element_type=\"widget\" data-widget_type=\"spacer.default\">\n\t\t\t\t<div class=\"elementor-widget-container\">\n\t\t\t\t\t\t\t<div class=\"elementor-spacer\">\n\t\t\t<div class=\"elementor-spacer-inner\"><\/div>\n\t\t<\/div>\n\t\t\t\t\t\t<\/div>\n\t\t\t\t<\/div>\n\t\t\t\t\t<\/div>\n\t\t\t\t<\/div>\n\t\t<div class=\"elementor-element elementor-element-8753946 e-flex e-con-boxed e-con e-parent\" data-id=\"8753946\" data-element_type=\"container\" data-settings=\"{&quot;background_background&quot;:&quot;classic&quot;}\">\n\t\t\t\t\t<div class=\"e-con-inner\">\n\t\t<div class=\"elementor-element elementor-element-c2951a6 e-con-full e-flex e-con e-child\" data-id=\"c2951a6\" data-element_type=\"container\">\n\t\t\t\t<div class=\"elementor-element elementor-element-7632529 elementor-widget elementor-widget-heading\" data-id=\"7632529\" data-element_type=\"widget\" data-widget_type=\"heading.default\">\n\t\t\t\t<div class=\"elementor-widget-container\">\n\t\t\t\t\t<h2 class=\"elementor-heading-title elementor-size-default\"> Nos horaires<\/h2>\t\t\t\t<\/div>\n\t\t\t\t<\/div>\n\t\t\t\t<div class=\"elementor-element elementor-element-1db1f7f elementor-widget elementor-widget-heading\" data-id=\"1db1f7f\" data-element_type=\"widget\" data-widget_type=\"heading.default\">\n\t\t\t\t<div class=\"elementor-widget-container\">\n\t\t\t\t\t<h4 class=\"elementor-heading-title elementor-size-default\">Venez profiter d&#039;EL TARL\u00c0\n<\/h4>\t\t\t\t<\/div>\n\t\t\t\t<\/div>\n\t\t<div class=\"elementor-element elementor-element-72da9d8 e-con-full e-flex e-con e-child\" data-id=\"72da9d8\" data-element_type=\"container\">\n\t\t\t\t<div class=\"elementor-element elementor-element-bf569eb elementor-widget elementor-widget-icon-box\" data-id=\"bf569eb\" data-element_type=\"widget\" data-widget_type=\"icon-box.default\">\n\t\t\t\t<div class=\"elementor-widget-container\">\n\t\t\t\t\t\t\t<div class=\"elementor-icon-box-wrapper\">\n\n\t\t\t\n\t\t\t\t\t\t<div class=\"elementor-icon-box-content\">\n\n\t\t\t\t\t\t\t\t\t<h3 class=\"elementor-icon-box-title\">\n\t\t\t\t\t\t<span  >\n\t\t\t\t\t\t\tLundi\t\t\t\t\t\t<\/span>\n\t\t\t\t\t<\/h3>\n\t\t\t\t\n\t\t\t\t\t\t\t\t\t<p class=\"elementor-icon-box-description\">\n\t\t\t\t\t\t13h00 \u00e0 23h30\t\t\t\t\t<\/p>\n\t\t\t\t\n\t\t\t<\/div>\n\t\t\t\n\t\t<\/div>\n\t\t\t\t\t\t<\/div>\n\t\t\t\t<\/div>\n\t\t\t\t<div class=\"elementor-element elementor-element-dea856b elementor-widget elementor-widget-icon-box\" data-id=\"dea856b\" data-element_type=\"widget\" data-widget_type=\"icon-box.default\">\n\t\t\t\t<div class=\"elementor-widget-container\">\n\t\t\t\t\t\t\t<div class=\"elementor-icon-box-wrapper\">\n\n\t\t\t\n\t\t\t\t\t\t<div class=\"elementor-icon-box-content\">\n\n\t\t\t\t\t\t\t\t\t<h3 class=\"elementor-icon-box-title\">\n\t\t\t\t\t\t<span  >\n\t\t\t\t\t\t\tDu mardi au vendredi\t\t\t\t\t\t<\/span>\n\t\t\t\t\t<\/h3>\n\t\t\t\t\n\t\t\t\t\t\t\t\t\t<p class=\"elementor-icon-box-description\">\n\t\t\t\t\t\t12h00 \u00e0 23h30\t\t\t\t\t<\/p>\n\t\t\t\t\n\t\t\t<\/div>\n\t\t\t\n\t\t<\/div>\n\t\t\t\t\t\t<\/div>\n\t\t\t\t<\/div>\n\t\t\t\t<div class=\"elementor-element elementor-element-de98d39 elementor-widget elementor-widget-icon-box\" data-id=\"de98d39\" data-element_type=\"widget\" data-widget_type=\"icon-box.default\">\n\t\t\t\t<div class=\"elementor-widget-container\">\n\t\t\t\t\t\t\t<div class=\"elementor-icon-box-wrapper\">\n\n\t\t\t\n\t\t\t\t\t\t<div class=\"elementor-icon-box-content\">\n\n\t\t\t\t\t\t\t\t\t<h3 class=\"elementor-icon-box-title\">\n\t\t\t\t\t\t<span  >\n\t\t\t\t\t\t\tLes samedis\t\t\t\t\t\t<\/span>\n\t\t\t\t\t<\/h3>\n\t\t\t\t\n\t\t\t\t\t\t\t\t\t<p class=\"elementor-icon-box-description\">\n\t\t\t\t\t\tDe 11h00 \u00e0 23h30\t\t\t\t\t<\/p>\n\t\t\t\t\n\t\t\t<\/div>\n\t\t\t\n\t\t<\/div>\n\t\t\t\t\t\t<\/div>\n\t\t\t\t<\/div>\n\t\t\t\t<div class=\"elementor-element elementor-element-49b78a8 elementor-widget elementor-widget-icon-box\" data-id=\"49b78a8\" data-element_type=\"widget\" data-widget_type=\"icon-box.default\">\n\t\t\t\t<div class=\"elementor-widget-container\">\n\t\t\t\t\t\t\t<div class=\"elementor-icon-box-wrapper\">\n\n\t\t\t\n\t\t\t\t\t\t<div class=\"elementor-icon-box-content\">\n\n\t\t\t\t\t\t\t\t\t<h3 class=\"elementor-icon-box-title\">\n\t\t\t\t\t\t<span  >\n\t\t\t\t\t\t\tDimanche\t\t\t\t\t\t<\/span>\n\t\t\t\t\t<\/h3>\n\t\t\t\t\n\t\t\t\t\t\t\t\t\t<p class=\"elementor-icon-box-description\">\n\t\t\t\t\t\tFerm\u00e9\t\t\t\t\t<\/p>\n\t\t\t\t\n\t\t\t<\/div>\n\t\t\t\n\t\t<\/div>\n\t\t\t\t\t\t<\/div>\n\t\t\t\t<\/div>\n\t\t\t\t<\/div>\n\t\t\t\t<\/div>\n\t\t\t\t\t<\/div>\n\t\t\t\t<\/div>\n\t\t\t\t<\/div>","protected":false},"excerpt":{"rendered":"<p>Restaurant de tapas et de petites assiettes au c\u0153ur de G\u00e9rone. VOIR LA CARTE El Tarl\u00e0. Savourez des tapas et des petites assiettes. Chez TARL\u00c0, chaque plat est un petit morceau de G\u00e9rone. Nous aimons allier la cuisine traditionnelle locale \u00e0 des touches modernes, pour que chaque bouch\u00e9e soit une surprise. Des tapas simples aux plats plus \u00e9labor\u00e9s, tout [\u2026]<\/p>","protected":false},"author":2,"featured_media":0,"parent":0,"menu_order":0,"comment_status":"closed","ping_status":"closed","template":"","meta":{"footnotes":""},"class_list":["post-14","page","type-page","status-publish","hentry"],"_links":{"self":[{"href":"https:\/\/tarlagirona.com\/fr\/wp-json\/wp\/v2\/pages\/14","targetHints":{"allow":["GET"]}}],"collection":[{"href":"https:\/\/tarlagirona.com\/fr\/wp-json\/wp\/v2\/pages"}],"about":[{"href":"https:\/\/tarlagirona.com\/fr\/wp-json\/wp\/v2\/types\/page"}],"author":[{"embeddable":true,"href":"https:\/\/tarlagirona.com\/fr\/wp-json\/wp\/v2\/users\/2"}],"replies":[{"embeddable":true,"href":"https:\/\/tarlagirona.com\/fr\/wp-json\/wp\/v2\/comments?post=14"}],"version-history":[{"count":181,"href":"https:\/\/tarlagirona.com\/fr\/wp-json\/wp\/v2\/pages\/14\/revisions"}],"predecessor-version":[{"id":908,"href":"https:\/\/tarlagirona.com\/fr\/wp-json\/wp\/v2\/pages\/14\/revisions\/908"}],"wp:attachment":[{"href":"https:\/\/tarlagirona.com\/fr\/wp-json\/wp\/v2\/media?parent=14"}],"curies":[{"name":"wp","href":"https:\/\/api.w.org\/{rel}","templated":true}]}}